{"id":163,"date":"2017-06-19T02:52:30","date_gmt":"2017-06-19T02:52:30","guid":{"rendered":"http:\/\/saccec.com\/PatriciaAcosta\/?page_id=163"},"modified":"2020-09-02T19:03:17","modified_gmt":"2020-09-02T19:03:17","slug":"estudios","status":"publish","type":"page","link":"http:\/\/saccec.com\/PatriciaAcosta\/estudios\/","title":{"rendered":"Estudios"},"content":{"rendered":"<p>PATRICIA ACOSTA VARGAS is currently Ph.D. in Computer Science at the University of Alicante. She is a Certified Researcher by SENESCYT, Vice President ACM Quito-Ecuador Chapter, Director of the project \u201cEvaluation of the quality of the websites of the Universities of Latin America\u201d at the Universidad las Am\u00e9ricas (UDLA). She collaborates as a reviewer of scientific articles for several journals and conferences. She has collaborated as Chair session in congresses. She teaches Digital Language at UDLA. She is a virtual facilitator of the Continuing Education Center of Escuela Polit\u00e9cnica Nacional of Ecuador. In recent years, she has been involved in web accessibility research. Collaborates in the telerehabilitation project for the CEDIA network. She has participated as a speaker in several conferences published in IEEE, ACM, and Springer. She has several publications indexed in Scopus and WOS. Her research interests are focused primarily on engineering, education, banking, health, social, government, web accessibility metrics and heuristics, and she is the author of more than 20 scientific articles. Currently, she is a member of the research group \u201cIntelligent &amp; Interactive Systems\u201d at Universidad las Am\u00e9ricas.<\/p>\n<h3><span style=\"color: #0000ff;\">Estudios:<\/span><\/h3>\n<ul>\n<li><a href=\"https:\/\/drive.google.com\/open?id=1QQ2_a3q0av-8tCL-dWy5HAzdxb0yhTab\" target=\"_blank\" rel=\"noopener noreferrer\">Ph.D. en Inform\u00e1tica, Universidad de Alicante, L\u00edneas de investigaci\u00f3n: Accesibilidad web, Desarrollo de heur\u00edsticas y m\u00e9tricas web, Inteligencia de negocios.<\/a><\/li>\n<li><a href=\"https:\/\/drive.google.com\/file\/d\/1OMTvT6tkM_JyKwrouu9MWIhAD0MCruGA\/view?usp=sharing\" target=\"_blank\" rel=\"noopener noreferrer\">Master Degree in Distance Education E-learning, Caribbean International Universities, (Willemstad-2013). Proyecto de grado: \u201cEvaluaci\u00f3n Del Desempe\u00f1o En Ambientes Virtuales De Aprendizaje Aplicando La Evaluaci\u00f3n De 360\u00ba\u201d<\/a><\/li>\n<li><a href=\"https:\/\/drive.google.com\/open?id=1hB4zWkAo3ElmtUQdam1HZEB_xfESO2Rf\" target=\"_blank\" rel=\"noopener noreferrer\">Mag\u00edster en Docencia en Instituciones de Educaci\u00f3n Superior, Escuela Polit\u00e9cnica Nacional (2008). Graduaci\u00f3n con \u201cHonoris Suma Cum Laude\u201d. Mejor Egresada. Tesis realizada: \u201cDise\u00f1o de un Modelo de Aprendizaje Activo a trav\u00e9s de la Implantaci\u00f3n del Aula virtual en la Universidad de las Am\u00e9ricas\u201d<\/a><\/li>\n<li><a href=\"https:\/\/drive.google.com\/open?id=1yiZxMlIiLZqrXk0rcP7QLUGgJsYBDpZJ\" target=\"_blank\" rel=\"noopener noreferrer\">Ingeniera en Sistemas de Computaci\u00f3n e Inform\u00e1tica, Escuela Polit\u00e9cnica Nacional (1997). Graduaci\u00f3n con \u201cHonoris Cum Laude. \u201cTesis realizada: \u201cDise\u00f1o e Implementaci\u00f3n de un Sistema Experto para Diagn\u00f3stico de Patolog\u00edas Estomatol\u00f3gicas, basado en L\u00f3gica Difusa\u201d<\/a><\/li>\n<li>Experta en Tecnolog\u00eda Educativa, FATLA<\/li>\n<li>Experta en Procesos E-learning, FATLA<\/li>\n<li>Experta en Medios digitales, FATLA<\/li>\n<li>Experta en Comercio Electr\u00f3nico, FATLA<\/li>\n<li>Laureate Certificate Program in Teaching and Learning in Higher Education<\/li>\n<li>Certificado Laureate en Educaci\u00f3n de Adulto Trabajador<\/li>\n<li>Certificado Laureate en Educaci\u00f3n Online, H\u00edbrida y Blended<\/li>\n<\/ul>\n","protected":false},"excerpt":{"rendered":"<p>PATRICIA ACOSTA VARGAS is currently Ph.D. in Computer Science at the University of Alicante. She is a Certified Researcher by SENESCYT, Vice President ACM Quito-Ecuador Chapter, Director of the project \u201cEvaluation of the quality of the websites of the Universities of Latin America\u201d at the Universidad las Am\u00e9ricas (UDLA). She&#8230; <a href=\"http:\/\/saccec.com\/PatriciaAcosta\/estudios\/\">Leer m\u00e1s &raquo;<\/a><\/p>\n","protected":false},"author":1,"featured_media":0,"parent":0,"menu_order":0,"comment_status":"closed","ping_status":"closed","template":"","meta":{"footnotes":""},"class_list":["post-163","page","type-page","status-publish","hentry"],"_links":{"self":[{"href":"http:\/\/saccec.com\/PatriciaAcosta\/wp-json\/wp\/v2\/pages\/163","targetHints":{"allow":["GET"]}}],"collection":[{"href":"http:\/\/saccec.com\/PatriciaAcosta\/wp-json\/wp\/v2\/pages"}],"about":[{"href":"http:\/\/saccec.com\/PatriciaAcosta\/wp-json\/wp\/v2\/types\/page"}],"author":[{"embeddable":true,"href":"http:\/\/saccec.com\/PatriciaAcosta\/wp-json\/wp\/v2\/users\/1"}],"replies":[{"embeddable":true,"href":"http:\/\/saccec.com\/PatriciaAcosta\/wp-json\/wp\/v2\/comments?post=163"}],"version-history":[{"count":5,"href":"http:\/\/saccec.com\/PatriciaAcosta\/wp-json\/wp\/v2\/pages\/163\/revisions"}],"predecessor-version":[{"id":573,"href":"http:\/\/saccec.com\/PatriciaAcosta\/wp-json\/wp\/v2\/pages\/163\/revisions\/573"}],"wp:attachment":[{"href":"http:\/\/saccec.com\/PatriciaAcosta\/wp-json\/wp\/v2\/media?parent=163"}],"curies":[{"name":"wp","href":"https:\/\/api.w.org\/{rel}","templated":true}]}}