{"id":176,"date":"2017-06-28T02:09:10","date_gmt":"2017-06-28T02:09:10","guid":{"rendered":"http:\/\/saccec.com\/PatriciaAcosta\/?page_id=176"},"modified":"2019-06-05T08:18:49","modified_gmt":"2019-06-05T08:18:49","slug":"apuntes","status":"publish","type":"page","link":"http:\/\/saccec.com\/PatriciaAcosta\/apuntes\/","title":{"rendered":"Apuntes"},"content":{"rendered":"<h2><span style=\"color: #ff6600;\">Espacio fino en Ms Word<\/span><\/h2>\n<p><center><\/p>\n<div class=\"post-content clearfix\">\n<div class=\"addthis_toolbox addthis_default_style \">\n<div class=\"atclear\" style=\"text-align: left;\">En la edici\u00f3n de octubre de 2005 del <a title=\"DPD\" href=\"http:\/\/lema.rae.es\/dpd\/srv\/search?id=QHaq7I8KrD6FQAyXTS\" target=\"_blank\" rel=\"noopener noreferrer\">Diccionario Panhisp\u00e1nico de Dudas<\/a>, la RAE indicaba claramente que \u201cno debe dejarse espacio de separaci\u00f3n entre el n\u00famero y el signo\u00a0<i>%<\/i>\u201c.<i>\u00a0<\/i>Pero, como rectificar es de sabios (espero que los sabios hagan algo m\u00e1s que rectificar), pues eso ha hecho la RAE: en la \u00faltima gram\u00e1tica\u00a0ha corregido su\u00a0error y ahora s\u00ed que hay\u00a0que\u00a0poner un espacio, siguiendo as\u00ed las indicaciones del\u00a0<a title=\"SI\" href=\"http:\/\/www.bipm.org\/en\/si\/si_brochure\/chapter5\/5-3-7.html\" target=\"_blank\" rel=\"noopener noreferrer\">sistema internacional de medidas<\/a>\u00a0y de la ISO 80000. En realidad debe ser un \u201c<strong>espacio\u00a0fino fijo<\/strong>\u201c,\u00a0que\u00a0equivale\u00a0a\u00a0medio\u00a0espacio\u00a0normal, a\u00a0un\u00a0cuarto\u00a0de\u00a0cuadrat\u00edn\u00a0(en\u00a0t\u00e9rminos\u00a0tipogr\u00e1ficos) o a\u00a0U+202F en Unicode. Es\u00a0el\u00a0mismo\u00a0espacio\u00a0que debe\u00a0usarse en\u00a0franc\u00e9s\u00a0antes\u00a0de\u00a0algunos\u00a0signos\u00a0de\u00a0puntuaci\u00f3n, como por ejemplo los dos puntos, aunque la mayor\u00eda de la gente usa el espacio normal o el espacio fijo (llamado en Word \u201cespacio de no separaci\u00f3n\u201d).<\/div>\n<\/div>\n<p>En Word, que yo sepa, no hay\u00a0forma\u00a0de\u00a0insertar un espacio fino fijo como\u00a0opci\u00f3n\u00a0de\u00a0men\u00fa,\u00a0pero\u00a0se\u00a0puede\u00a0conseguir\u00a0pulsando<strong>\u00a0Alt\u00a0+ 08201<\/strong>\u00a0en\u00a0el\u00a0teclado\u00a0num\u00e9rico.<\/p>\n<\/div>\n<p><\/center><center>M\u00e1s informaci\u00f3n en:<\/center><center><\/center><center>http:\/\/wordpress.paraphrasis.com\/wp\/2013\/03\/el-espacio-fino-fijo-antes-de\/<\/center><center><\/center><center><span style=\"background-color: white; font-family: 'youtube noto' , 'roboto' , 'arial' , sans-serif; font-size: 20px;\">\u00a0StArt tool &#8211; Introduction<\/span><\/center><\/p>\n<div class=\"separator\" style=\"clear: both; text-align: center;\"><iframe loading=\"lazy\" class=\"YOUTUBE-iframe-video\" src=\"https:\/\/www.youtube.com\/embed\/zCTKl1TBmxU?feature=player_embedded\" width=\"600\" height=\"380\" frameborder=\"0\" allowfullscreen=\"allowfullscreen\" data-thumbnail-src=\"https:\/\/i.ytimg.com\/vi\/zCTKl1TBmxU\/0.jpg\"><\/iframe><\/div>\n<p><span style=\"background-color: white; font-family: 'youtube noto' , 'roboto' , 'arial' , sans-serif; font-size: 20px;\">\u00a0<\/span><\/p>\n<p>&nbsp;<\/p>\n<div class=\"separator\" style=\"clear: both; text-align: center;\"><iframe loading=\"lazy\" class=\"YOUTUBE-iframe-video\" src=\"https:\/\/www.youtube.com\/embed\/-Zud3lIXxdM?feature=player_embedded\" width=\"600\" height=\"380\" frameborder=\"0\" allowfullscreen=\"allowfullscreen\" data-thumbnail-src=\"https:\/\/i.ytimg.com\/vi\/-Zud3lIXxdM\/0.jpg\"><\/iframe><\/div>\n<p>&nbsp;<\/p>\n<p>&nbsp;<\/p>\n<div class=\"separator\" style=\"clear: both; text-align: center;\"><iframe loading=\"lazy\" class=\"YOUTUBE-iframe-video\" src=\"https:\/\/www.youtube.com\/embed\/2mumj_eImas?feature=player_embedded\" width=\"580\" height=\"350\" frameborder=\"0\" allowfullscreen=\"allowfullscreen\" data-thumbnail-src=\"https:\/\/i.ytimg.com\/vi\/2mumj_eImas\/0.jpg\"><\/iframe><\/div>\n<p>&nbsp;<\/p>\n<p><center><br \/>\n<iframe loading=\"lazy\" src=\"https:\/\/docs.google.com\/presentation\/d\/1YB5EjbkUs_glRBZz1-QAxx9SLZ991ZuhyeOayjMCjqM\/embed?start=false&amp;loop=false&amp;delayms=3000\" width=\"580\" height=\"389\" frameborder=\"0\" allowfullscreen=\"allowfullscreen\"><\/iframe><\/center><\/p>\n","protected":false},"excerpt":{"rendered":"<p>Espacio fino en Ms Word En la edici\u00f3n de octubre de 2005 del Diccionario Panhisp\u00e1nico de Dudas, la RAE indicaba claramente que \u201cno debe dejarse espacio de separaci\u00f3n entre el n\u00famero y el signo\u00a0%\u201c.\u00a0Pero, como rectificar es de sabios (espero que los sabios hagan algo m\u00e1s que rectificar), pues eso&#8230; <a href=\"http:\/\/saccec.com\/PatriciaAcosta\/apuntes\/\">Leer m\u00e1s &raquo;<\/a><\/p>\n","protected":false},"author":1,"featured_media":0,"parent":0,"menu_order":0,"comment_status":"closed","ping_status":"closed","template":"","meta":{"footnotes":""},"class_list":["post-176","page","type-page","status-publish","hentry"],"_links":{"self":[{"href":"http:\/\/saccec.com\/PatriciaAcosta\/wp-json\/wp\/v2\/pages\/176","targetHints":{"allow":["GET"]}}],"collection":[{"href":"http:\/\/saccec.com\/PatriciaAcosta\/wp-json\/wp\/v2\/pages"}],"about":[{"href":"http:\/\/saccec.com\/PatriciaAcosta\/wp-json\/wp\/v2\/types\/page"}],"author":[{"embeddable":true,"href":"http:\/\/saccec.com\/PatriciaAcosta\/wp-json\/wp\/v2\/users\/1"}],"replies":[{"embeddable":true,"href":"http:\/\/saccec.com\/PatriciaAcosta\/wp-json\/wp\/v2\/comments?post=176"}],"version-history":[{"count":7,"href":"http:\/\/saccec.com\/PatriciaAcosta\/wp-json\/wp\/v2\/pages\/176\/revisions"}],"predecessor-version":[{"id":454,"href":"http:\/\/saccec.com\/PatriciaAcosta\/wp-json\/wp\/v2\/pages\/176\/revisions\/454"}],"wp:attachment":[{"href":"http:\/\/saccec.com\/PatriciaAcosta\/wp-json\/wp\/v2\/media?parent=176"}],"curies":[{"name":"wp","href":"https:\/\/api.w.org\/{rel}","templated":true}]}}