{"id":28,"date":"2016-07-11T17:02:57","date_gmt":"2016-07-11T17:02:57","guid":{"rendered":"http:\/\/saccec.com\/PatriciaAcosta\/?page_id=28"},"modified":"2017-10-17T16:12:48","modified_gmt":"2017-10-17T16:12:48","slug":"formacion-academica","status":"publish","type":"page","link":"http:\/\/saccec.com\/PatriciaAcosta\/formacion-academica\/","title":{"rendered":"Formaci\u00f3n acad\u00e9mica"},"content":{"rendered":"<p><strong><span style=\"color: #0000ff;\">ESTUDIOS:<\/span><br \/>\n<\/strong><\/p>\n<ul>\n<li style=\"list-style-type: none;\">\n<ul>\n<li>Ph.D.(s) en Inform\u00e1tica, Universidad de Alicante (Actual)<\/li>\n<li>M\u00e1ster Degree in Distance Education E-learning, Caribbean International Universities, (Willemstad-2013)<\/li>\n<li>Mag\u00edster en Docencia en Instituciones de Educaci\u00f3n Superior, Escuela Polit\u00e9cnica Nacional (2008)<\/li>\n<li>Ingeniera en Sistemas de Computaci\u00f3n e Inform\u00e1tica, Escuela Polit\u00e9cnica Nacional (1997)<\/li>\n<li>Experta en Procesos E-learning, FATLA<\/li>\n<li>Experta en Medios digitales, FATLA<\/li>\n<li>Experta en Comercio Electr\u00f3nico, FATLA<\/li>\n<li>Laureate Certificate Program in Teaching and Learning in Higher Education<\/li>\n<li>Certificado Laureate en Educaci\u00f3n de Adulto Trabajador<\/li>\n<li>Certificado Laureate en Educaci\u00f3n Online, H\u00edbrida y Blended<\/li>\n<\/ul>\n<\/li>\n<\/ul>\n","protected":false},"excerpt":{"rendered":"<p>ESTUDIOS: Ph.D.(s) en Inform\u00e1tica, Universidad de Alicante (Actual) M\u00e1ster Degree in Distance Education E-learning, Caribbean International Universities, (Willemstad-2013) Mag\u00edster en Docencia en Instituciones de Educaci\u00f3n Superior, Escuela Polit\u00e9cnica Nacional (2008) Ingeniera en Sistemas de Computaci\u00f3n e Inform\u00e1tica, Escuela Polit\u00e9cnica Nacional (1997) Experta en Procesos E-learning, FATLA Experta en Medios digitales,&#8230; <a href=\"http:\/\/saccec.com\/PatriciaAcosta\/formacion-academica\/\">Leer m\u00e1s &raquo;<\/a><\/p>\n","protected":false},"author":1,"featured_media":0,"parent":0,"menu_order":0,"comment_status":"closed","ping_status":"closed","template":"","meta":{"footnotes":""},"class_list":["post-28","page","type-page","status-publish","hentry"],"_links":{"self":[{"href":"http:\/\/saccec.com\/PatriciaAcosta\/wp-json\/wp\/v2\/pages\/28","targetHints":{"allow":["GET"]}}],"collection":[{"href":"http:\/\/saccec.com\/PatriciaAcosta\/wp-json\/wp\/v2\/pages"}],"about":[{"href":"http:\/\/saccec.com\/PatriciaAcosta\/wp-json\/wp\/v2\/types\/page"}],"author":[{"embeddable":true,"href":"http:\/\/saccec.com\/PatriciaAcosta\/wp-json\/wp\/v2\/users\/1"}],"replies":[{"embeddable":true,"href":"http:\/\/saccec.com\/PatriciaAcosta\/wp-json\/wp\/v2\/comments?post=28"}],"version-history":[{"count":5,"href":"http:\/\/saccec.com\/PatriciaAcosta\/wp-json\/wp\/v2\/pages\/28\/revisions"}],"predecessor-version":[{"id":230,"href":"http:\/\/saccec.com\/PatriciaAcosta\/wp-json\/wp\/v2\/pages\/28\/revisions\/230"}],"wp:attachment":[{"href":"http:\/\/saccec.com\/PatriciaAcosta\/wp-json\/wp\/v2\/media?parent=28"}],"curies":[{"name":"wp","href":"https:\/\/api.w.org\/{rel}","templated":true}]}}