{"id":340,"date":"2019-02-22T17:27:24","date_gmt":"2019-02-22T17:27:24","guid":{"rendered":"http:\/\/saccec.com\/PatriciaAcosta\/?page_id=340"},"modified":"2019-07-11T16:05:30","modified_gmt":"2019-07-11T16:05:30","slug":"curriculum","status":"publish","type":"page","link":"http:\/\/saccec.com\/PatriciaAcosta\/curriculum\/","title":{"rendered":"Curriculum"},"content":{"rendered":"<p>Mrs. Acosta-Vargas, was born in Ambato-Ecuador on May 3, 1971. Currently, she is studying her Ph.D. (s) in Computer Science, University of Alicante (Spain- Current). She has a Master Degree in Distance Education E-learning, Caribbean International Universities, (Cura\u00e7ao-2013). She has a Master in Teaching in Institutions of Higher Education, Escuela Polit\u00e9cnica Nacional (Ecuador-2008). Acosta-Vargas is a Computer Systems and Information Systems Engineer, Escuela Polit\u00e9cnica Nacional (Ecuador-1997).<\/p>\n<p>She works as a teacher-researcher at University of the Americas (UDLA)-Ecuador. She is Vice President ACM Quito-Ecuador Chapter. Currently, she is a member of the research group \u201cIntelligent &amp; Interactive Systems\u201d-UDLA. She was a training consultant in the Ecuadorian Air Force and the Army Corps in Ecuador. She was the head of systems at Foundation ESQUEL-Ecuador. She was the head of electronic commerce at Banco del Pichincha-Ecuador.<\/p>\n<p>Acosta-Vargas has some publications such as books, book chapters and more than 25 publications in journals and conferences indexed, among the most important are:<\/p>\n<p>Acosta-Vargas, P., Jad\u00e1n-Guerrero, J., Guevara, C., Sanchez-Gordon, S., Calle-Jimenez, T.: Technical Contributions to the Quality of Telerehabilitation Platforms: Case Study-ePHoRt Project. In: Assistive &amp; Rehabilitation Engineering. pp. 1-22. IntechOpen (2019).<\/p>\n<p>Acosta-Vargas, P., Rybarczyk, Y., P\u00e9rez Medina, J., Gonz\u00e1lez, M., Jimenes, K., Leconte, L., and Esparza D. \u00abTowards Web accessibility in telerehabilitation platforms.\u00bb 3rd IEEE ETCM, Ecuador. (2018).<\/p>\n<p>Acosta-Vargas P., Acosta, T. &amp; Luj\u00e1n-Mora, S. Challenges to Assess Accessibility in Higher Education Websites: A Comparative Study of Latin America Universities, in IEEE Access, vol. 6, DOI: 10.1109 \/ ACCESS.2018.2848978 pp. 36500 \u2013 36508. (2018).<\/p>\n<p>In recent years, she has been involved in web accessibility research, innovation, eLearning and education. Collaborates in the telerehabilitation projects, robust sensors and air quality for the CEDIA network.<\/p>\n<p><a href=\"https:\/\/drive.google.com\/file\/d\/1GVxGUhcBt5ny27xH3l0TlgSoTFJYA06L\/view\" target=\"_blank\" rel=\"noopener noreferrer\">Certificado de Investigadora acreditada\u00a0<\/a><\/p>\n<p><a href=\"https:\/\/drive.google.com\/open?id=1layqO_TkurCnxZVQxtsKJ7wHVVzlRijE\" target=\"_blank\" rel=\"noopener noreferrer\">Certificado de Investigadora categorizada<\/a><\/p>\n<p><a href=\"http:\/\/saccec.com\/PatriciaAcosta\/wp-content\/uploads\/2019\/02\/formato-CV-ingl\u00e9s-Patricia_Acosta_25032009.pdf\" target=\"_blank\" rel=\"noopener noreferrer\">CV Ingl\u00e9s .pdf<\/a>\u00a0 \u00a0 \u00a0 \u00a0 \u00a0 \u00a0 \u00a0 \u00a0 \u00a0 \u00a0 \u00a0<a href=\"http:\/\/saccec.com\/PatriciaAcosta\/wp-content\/uploads\/2019\/02\/formato-CV-ingl\u00e9s-Patricia_Acosta_25032009.docx\" target=\"_blank\" rel=\"noopener noreferrer\">CV Ingl\u00e9s.docx<\/a><\/p>\n<p><a href=\"http:\/\/saccec.com\/PatriciaAcosta\/wp-content\/uploads\/2019\/02\/formato-CV-espa\u00f1ol-Patricia_Acosta_25032019.pdf\" target=\"_blank\" rel=\"noopener noreferrer\">CV Espa\u00f1ol .pdf\u00a0 <\/a>\u00a0 \u00a0 \u00a0 \u00a0 \u00a0 \u00a0 \u00a0<a href=\"http:\/\/saccec.com\/PatriciaAcosta\/wp-content\/uploads\/2019\/02\/formato-CV-espa\u00f1ol-Patricia_Acosta_25032019.docx\" target=\"_blank\" rel=\"noopener noreferrer\">CV Espa\u00f1ol .docx<\/a><\/p>\n","protected":false},"excerpt":{"rendered":"<p>Mrs. Acosta-Vargas, was born in Ambato-Ecuador on May 3, 1971. Currently, she is studying her Ph.D. (s) in Computer Science, University of Alicante (Spain- Current). She has a Master Degree in Distance Education E-learning, Caribbean International Universities, (Cura\u00e7ao-2013). She has a Master in Teaching in Institutions of Higher Education, Escuela&#8230; <a href=\"http:\/\/saccec.com\/PatriciaAcosta\/curriculum\/\">Leer m\u00e1s &raquo;<\/a><\/p>\n","protected":false},"author":1,"featured_media":0,"parent":0,"menu_order":0,"comment_status":"closed","ping_status":"closed","template":"","meta":{"footnotes":""},"class_list":["post-340","page","type-page","status-publish","hentry"],"_links":{"self":[{"href":"http:\/\/saccec.com\/PatriciaAcosta\/wp-json\/wp\/v2\/pages\/340","targetHints":{"allow":["GET"]}}],"collection":[{"href":"http:\/\/saccec.com\/PatriciaAcosta\/wp-json\/wp\/v2\/pages"}],"about":[{"href":"http:\/\/saccec.com\/PatriciaAcosta\/wp-json\/wp\/v2\/types\/page"}],"author":[{"embeddable":true,"href":"http:\/\/saccec.com\/PatriciaAcosta\/wp-json\/wp\/v2\/users\/1"}],"replies":[{"embeddable":true,"href":"http:\/\/saccec.com\/PatriciaAcosta\/wp-json\/wp\/v2\/comments?post=340"}],"version-history":[{"count":9,"href":"http:\/\/saccec.com\/PatriciaAcosta\/wp-json\/wp\/v2\/pages\/340\/revisions"}],"predecessor-version":[{"id":473,"href":"http:\/\/saccec.com\/PatriciaAcosta\/wp-json\/wp\/v2\/pages\/340\/revisions\/473"}],"wp:attachment":[{"href":"http:\/\/saccec.com\/PatriciaAcosta\/wp-json\/wp\/v2\/media?parent=340"}],"curies":[{"name":"wp","href":"https:\/\/api.w.org\/{rel}","templated":true}]}}