{"id":35,"date":"2016-07-11T17:06:54","date_gmt":"2016-07-11T17:06:54","guid":{"rendered":"http:\/\/saccec.com\/PatriciaAcosta\/?page_id=35"},"modified":"2016-07-11T17:06:54","modified_gmt":"2016-07-11T17:06:54","slug":"docencia","status":"publish","type":"page","link":"http:\/\/saccec.com\/PatriciaAcosta\/docencia\/","title":{"rendered":"Docencia"},"content":{"rendered":"<p><span style=\"color: #0000ff;\"><b>EXPERIENCIA DOCENTE:<\/b><\/span><\/p>\n<div>\n<ul>\n<li>Universidad de Las Am\u00e9ricas (2006- Actual), Docente de Computaci\u00f3n Aplicada, Tecnolog\u00edas de la Informaci\u00f3n, Negocios Electr\u00f3nicos, F\u00edsica, Introducci\u00f3n al C\u00e1lculo, Periodismo Digital<\/li>\n<li>Laureate International Universities, tutora virtual desde 2009 -Actual.<\/li>\n<li>Escuela \u00a0Polit\u00e9cnica \u00a0Nacional (1998 &#8211; 2000), Docente de Computaci\u00f3n Aplicada, Programaci\u00f3n en Delphi<\/li>\n<li>Escuela \u00a0Polit\u00e9cnica \u00a0Nacional (1999 &#8211; 2105), Formaci\u00f3n Docente, Dise\u00f1o de websites, Ofim\u00e1tica, Herramientas web 2.0, Dise\u00f1o de blogs, Quipux, Compras p\u00fablicas. Herramientas TIC\u2019s.<\/li>\n<li>Escuela Polit\u00e9cnica Nacional, Facilitadora Certificada por el Centro de Educaci\u00f3n continua, Modalidad presencial y virtual (2000- Actual) Facilitadora de Excel Avanzado y Macros, Comercio Electr\u00f3nico, Formaci\u00f3n Docente, Ms Project, Base de Datos, Compras P\u00fablicas, Herramientas TIC\u2019s.<\/li>\n<li>Universidad Central del Ecuador (2012 &#8211; Actual) \u00a0Docente \u00a0de \u00a0la \u00a0Maestr\u00eda \u00a0de \u00a0Gesti\u00f3n de Calidad. \u00a0Formaci\u00f3n Docente.<\/li>\n<li>Universidad Central del Ecuador (2010 &#8211; 2013), Formaci\u00f3n Docente, Herramientas TIC\u2019s, Moodle, Sakai<\/li>\n<li>Universidad T\u00e9cnica Particular de Loja (2013 &#8211; Actual) Docente virtual del m\u00f3dulo de Comercio Electr\u00f3nico, Excel y Macros.<\/li>\n<li>Universidad T\u00e9cnica de Ambato (2012) colaboraci\u00f3n en seminarios y conferencias en varias carreras<\/li>\n<li>Universidad Indoam\u00e9rica (2013 &#8211; 2014), Sistemas Operativos, Conferencias varias<\/li>\n<li>Universidad Polit\u00e9cnica Salesiana (2000 &#8211; 2012), Facilitadora de seminarios<\/li>\n<li>Pontificia Universidad Cat\u00f3lica del Ecuador, Conferencias y seminarios<\/li>\n<li>REDU, Conferencias y seminarios<\/li>\n<li>Fundaci\u00f3n para la Actualizaci\u00f3n Tecnol\u00f3gica de Latinoam\u00e9rica FATLA, tutora virtual (2007-2013).<\/li>\n<li>Escuela Polit\u00e9cnica del Ej\u00e9rcito (2011), colaboraci\u00f3n en talleres de Compras P\u00fablicas.<\/li>\n<li>Instituto de Altos Estudios Nacionales (2010- 2012),Facilitadora de Compras P\u00fablicas, Facilitadora de facilitadores<\/li>\n<li>Universidad Israel (2013), Conferencias en TIC&#8217;s<\/li>\n<li>Universidad T\u00e9cnica Equinoccial (2010 &#8211; Actual), Conferencias en TIC&#8217;s, colaboraci\u00f3n en talleres y seminarios<\/li>\n<li>Municipio del Distrito Metropolitano de Quito (2010 &#8211; 2013), Facilitadora de seminarios de TIC\u2019s, Ofim\u00e1ticas, Herramientas web, Compras P\u00fablicas<\/li>\n<li>Instituto T\u00e9cnico Rumi\u00f1ahui, facilitadora de seminarios en TIC\u2019s<\/li>\n<li>Facilitadora Certificada por el Ministerio de Relaciones Laborales (2007- Actual)<\/li>\n<li>Universidad San Francisco de Quito, colaboraci\u00f3n en seminarios.<\/li>\n<\/ul>\n<\/div>\n","protected":false},"excerpt":{"rendered":"<p>EXPERIENCIA DOCENTE: Universidad de Las Am\u00e9ricas (2006- Actual), Docente de Computaci\u00f3n Aplicada, Tecnolog\u00edas de la Informaci\u00f3n, Negocios Electr\u00f3nicos, F\u00edsica, Introducci\u00f3n al C\u00e1lculo, Periodismo Digital Laureate International Universities, tutora virtual desde 2009 -Actual. Escuela \u00a0Polit\u00e9cnica \u00a0Nacional (1998 &#8211; 2000), Docente de Computaci\u00f3n Aplicada, Programaci\u00f3n en Delphi Escuela \u00a0Polit\u00e9cnica \u00a0Nacional (1999 &#8211;&#8230; <a href=\"http:\/\/saccec.com\/PatriciaAcosta\/docencia\/\">Leer m\u00e1s &raquo;<\/a><\/p>\n","protected":false},"author":1,"featured_media":0,"parent":0,"menu_order":0,"comment_status":"closed","ping_status":"closed","template":"","meta":{"footnotes":""},"class_list":["post-35","page","type-page","status-publish","hentry"],"_links":{"self":[{"href":"http:\/\/saccec.com\/PatriciaAcosta\/wp-json\/wp\/v2\/pages\/35","targetHints":{"allow":["GET"]}}],"collection":[{"href":"http:\/\/saccec.com\/PatriciaAcosta\/wp-json\/wp\/v2\/pages"}],"about":[{"href":"http:\/\/saccec.com\/PatriciaAcosta\/wp-json\/wp\/v2\/types\/page"}],"author":[{"embeddable":true,"href":"http:\/\/saccec.com\/PatriciaAcosta\/wp-json\/wp\/v2\/users\/1"}],"replies":[{"embeddable":true,"href":"http:\/\/saccec.com\/PatriciaAcosta\/wp-json\/wp\/v2\/comments?post=35"}],"version-history":[{"count":1,"href":"http:\/\/saccec.com\/PatriciaAcosta\/wp-json\/wp\/v2\/pages\/35\/revisions"}],"predecessor-version":[{"id":36,"href":"http:\/\/saccec.com\/PatriciaAcosta\/wp-json\/wp\/v2\/pages\/35\/revisions\/36"}],"wp:attachment":[{"href":"http:\/\/saccec.com\/PatriciaAcosta\/wp-json\/wp\/v2\/media?parent=35"}],"curies":[{"name":"wp","href":"https:\/\/api.w.org\/{rel}","templated":true}]}}