{"id":40,"date":"2016-07-11T17:09:15","date_gmt":"2016-07-11T17:09:15","guid":{"rendered":"http:\/\/saccec.com\/PatriciaAcosta\/?page_id=40"},"modified":"2019-04-16T09:27:28","modified_gmt":"2019-04-16T09:27:28","slug":"profesional","status":"publish","type":"page","link":"http:\/\/saccec.com\/PatriciaAcosta\/profesional\/","title":{"rendered":"Profesional"},"content":{"rendered":"<div>\n<p><strong><u>PROYECTOS DE INVESTIGACI\u00d3N<\/u><\/strong><\/p>\n<ul>\n<li><a href=\"https:\/\/drive.google.com\/open?id=1NnnvAk24_X1F90rEkEc_RKK8alcMKHzA\" target=\"_blank\" rel=\"noopener noreferrer\">2018\/2019: Plataforma de Telerehabilitaci\u00f3n,\u00a0<strong>IN\u00c9DITA -UDLA<\/strong><\/a><\/li>\n<li><a href=\"https:\/\/drive.google.com\/open?id=1vZLY9AtkAhWqhioq48ykCVZv9x7NiCSw\" target=\"_blank\" rel=\"noopener noreferrer\">2018\/2019: Plataforma de Juegos Serios,\u00a0<strong>IN\u00c9DITA -EPN<\/strong><\/a><\/li>\n<li><a href=\"https:\/\/drive.google.com\/open?id=1IUpxoOCuUnulcos6C-k2TnaHTrafqhKk\" target=\"_blank\" rel=\"noopener noreferrer\">2018\/2019:\u00a0 M\u00e9tricas y heur\u00edsticas de accesibilidad web: caso de estudio universidades de Latinoam\u00e9rica,\u00a0\u00a0<strong>Universidad de Las Am\u00e9ricas<\/strong>. (<strong>Directora del proyecto<\/strong>)<\/a><\/li>\n<li><a href=\"https:\/\/drive.google.com\/open?id=1BLjetfghJ8DY7_gZ4brbYU_fQ6mD4jhH\" target=\"_blank\" rel=\"noopener noreferrer\">2018\/2019:\u00a0 Estimaci\u00f3n Robusta de Contaminaci\u00f3n Urbana,\u00a0<strong>REDCEDIA, CEPRA XII-2018-<\/strong>\u00a0(<strong>Colaboradora en Evaluaciones de accesibilidad web con las WCAG 2.0<\/strong>)<\/a><\/li>\n<li><a href=\"https:\/\/drive.google.com\/open?id=13suvXCEbaI_YBZLYYwMGWsYKKnMKRQbZ\" target=\"_blank\" rel=\"noopener noreferrer\">2017\/2018: Evaluaci\u00f3n de la calidad de los sitios web de las universidades de Latinoam\u00e9rica,\u00a0<strong>Universidad de Las Am\u00e9ricas.<\/strong>\u00a0(<strong>Directora del proyecto<\/strong>)<\/a><\/li>\n<li><a href=\"https:\/\/drive.google.com\/open?id=15O7JtnhGxdhkuQrGJbERnX5Hq40Kyhh4\" target=\"_blank\" rel=\"noopener noreferrer\">2017\/2018: Sistema de tele-rehabilitaci\u00f3n para la auto-reeducaci\u00f3n de los pacientes despu\u00e9s de una cirug\u00eda de substituci\u00f3n de cadera,\u00a0<strong>REDCEDIA, CEPRA XI-2017-15<\/strong>-Telerehabilitaci\u00f3n. (<strong>Colaboradora en Evaluaciones de accesibilidad web con las WCAG 2.0<\/strong>)<\/a><\/li>\n<li><a href=\"https:\/\/drive.google.com\/open?id=11mJRgisEwKcsjslItqi9SDtVAq65LsRy\" target=\"_blank\" rel=\"noopener noreferrer\">2019\u00a0 <strong>Women in Data Science-Universidad de Las Am\u00e9ricas, <\/strong><\/a><a href=\"https:\/\/drive.google.com\/open?id=11mJRgisEwKcsjslItqi9SDtVAq65LsRy\" target=\"_blank\" rel=\"noopener noreferrer\">Colaboraci\u00f3n para el evento<\/a><a href=\"https:\/\/drive.google.com\/open?id=11mJRgisEwKcsjslItqi9SDtVAq65LsRy\" target=\"_blank\" rel=\"noopener noreferrer\">.<\/a><\/li>\n<\/ul>\n<p><strong>REVISORA DE ART\u00cdCULOS Y PROYECTOS<\/strong><\/p>\n<ul>\n<li>2018\/Actual:<strong>\u00a0IEEE Access<\/strong>, The Multidisciplinary Open Access Journal,\u00a0\u00a0<strong>Q1<\/strong>,\u00a0 received an impact factor of 3.557 in the 2017 JCR release, revisora de art\u00edculos.<\/li>\n<li><a href=\"https:\/\/drive.google.com\/open?id=1XdcU3c2DXKGbKwav82NJPPq1exv5efNT\" target=\"_blank\" rel=\"noopener noreferrer\">Revisora de art\u00edculos para el congreso\u00a0<b>ICITS 2019.<\/b><\/a><\/li>\n<li>Revisora de art\u00edculos cient\u00edficos par a la revista de\u00a0<strong>Publicaciones en Ciencias y Tecnolog\u00eda<\/strong>\u00a0con ISSN:1856-8890.<\/li>\n<li>Revisora de art\u00edculos cient\u00edficos para First International Conference in Human Computer Interaction Theory and Applications\u00a0<strong>HUCAPP 2017<\/strong>.<\/li>\n<li>Revisora de art\u00edculos cient\u00edficos para en<strong>\u00a0INCISCOS 2017<\/strong>\u00a0\u2013 International Conference on Information Systems and Computer Science.<\/li>\n<li><a href=\"https:\/\/drive.google.com\/open?id=1VnS3AhiJuEKbzcPJcCcddG5oJBE71n1s\" target=\"_blank\" rel=\"noopener noreferrer\">Participaci\u00f3n en\u00a0<strong>ICEDEG 2018<\/strong>, como Chair Session 1: Business Process Reengineering.<\/a><\/li>\n<li>Revisora de art\u00edculos para el congreso\u00a0<strong>WMSCI 2018<\/strong>\u00a0Organizing Committee<\/li>\n<li>Revisora de art\u00edculos para la revista (<strong>UCLA<\/strong>) Publicaciones en Ciencias y Tecnolog\u00eda.<\/li>\n<li>Participaci\u00f3n como ponente en los congresos I<strong>CETC 2017, ICITS 2018, ITHET 2017, ATICA 2017, ICEDEG 2018<\/strong>.<\/li>\n<li>2008: Dise\u00f1o de un Modelo de Aprendizaje Activo a trav\u00e9s de la Implantaci\u00f3n del Aula virtual en la Universidad de las Am\u00e9ricas.<\/li>\n<li>1997: Dise\u00f1o e Implementaci\u00f3n de un Sistema Experto para Diagn\u00f3stico de Patolog\u00edas Estomatol\u00f3gicas, basado en L\u00f3gica Difusa<\/li>\n<\/ul>\n<\/div>\n<div>\n<ul>\n<li><strong style=\"color: #0000ff;\">DOCENTE Y FACILITADORA<\/strong><\/li>\n<\/ul>\n<\/div>\n<div>\n<ul>\n<li>Docente <strong>UDLA-Honors<\/strong>,\u00a0<strong>Universidad de Las Am\u00e9ricas<\/strong>, 2018- Actual.<\/li>\n<li>Docente Investigador &#8211; <strong>Universidad de Las Am\u00e9ricas<\/strong>, 2017- Actual.<\/li>\n<li>Facilitadora de capacitci\u00f3n UDLA-Talento Humano, para el personal adminsitrativo de la UDLA, 2018 &#8211; 2019.<\/li>\n<li>Facilitadora de Capacitaci\u00f3n Docente UDLA, Mendeley para docentes y estudiantes de MET, 2017-Actual.<\/li>\n<li>Facilitadora de cursos de actualizaci\u00f3n continua en\u00a0<strong>RED CEDIA<\/strong>.<\/li>\n<li>Colaboradora en el proyecto de Telerehabilitaci\u00f3n en <strong>RED CEDIA<\/strong>.<\/li>\n<li>Docente Universitaria:\u00a0<strong>Universidad de Las Am\u00e9ricas<\/strong>.<\/li>\n<li>Facilitadora de cursos de actualizaci\u00f3n continua en Ms Excel Avanzado y Tablas Din\u00e1micas, <strong>CEC-Escuela Polit\u00e9cnica Nacional<\/strong>.<\/li>\n<li>Docente de Maestr\u00eda en <strong>Universidad Central del Ecuador<\/strong>.<\/li>\n<li>Docente de Maestr\u00eda en <strong>Universidad T\u00e9cnica de Ambato<\/strong>.<\/li>\n<li>Facilitadora en cursos de actualizaci\u00f3n continua, <strong>Grupo Empresarial Polit\u00e9cnico<\/strong>.<\/li>\n<li>Consultora en: \u00a0Accesibilidad Web, Escritura Cient\u00edfica, E-learning, Educaci\u00f3n Virtual, TIC, Negocios Electr\u00f3nicos, Telemedicina<\/li>\n<\/ul>\n<p><span style=\"color: #0000ff;\"><strong>CARGOS Y REPRESENTACIONES<\/strong><\/span><\/p>\n<ul>\n<li>Vicepresidenta <strong>ACM-Chapter Ecuador<\/strong> 2018<\/li>\n<li>Coordinadora de Lenguaje Digital &#8211; Universidad de Las Am\u00e9ricas, 2014-2017<\/li>\n<li><strong>Plan Internacional<\/strong>(2012- 2013) Facilitadora virtual en proyectos internacionales y TIC\u2019s<\/li>\n<li>Directora de Comunicaci\u00f3n de <strong>FATLA, 2012<\/strong><\/li>\n<li>Coordinadora de Convenios Internacionales de FATLA, 2010<\/li>\n<li>Coordinadora Institucional a nivel de Latinoam\u00e9rica, FATLA, 2009.<\/li>\n<li><strong>Banco del Pichincha<\/strong>, Jefe de Comercio Electr\u00f3nico, TODO1- Ecuador, 2001-2002<\/li>\n<li><strong>Fundaci\u00f3n Esquel<\/strong>, Jefe de sistemas, 1999-2001<\/li>\n<li><strong>Consejo Nacional de Cultura<\/strong>, Directora de Sistemas, 1997-1999<\/li>\n<li>Experiencia en consultor\u00edas en educaci\u00f3n en l\u00ednea y administraci\u00f3n educativa en instituciones nacionales e internacionales<\/li>\n<li>Cuenta con m\u00e1s de 20 art\u00edculos indexados en <strong>WOS y Scopus<\/strong>, para<strong> IEEE, ACM y Springer.<\/strong><\/li>\n<li>Representante a Consejo de Facultad de Ingenier\u00eda de Sistemas de la <strong>Escuela Polit\u00e9cnica Nacional<\/strong>, 1996.<\/li>\n<li>Representante Estudiantil de la <strong>Escuela Polit\u00e9cnica Nacional<\/strong>, 1991.<\/li>\n<\/ul>\n<\/div>\n","protected":false},"excerpt":{"rendered":"<p>PROYECTOS DE INVESTIGACI\u00d3N 2018\/2019: Plataforma de Telerehabilitaci\u00f3n,\u00a0IN\u00c9DITA -UDLA 2018\/2019: Plataforma de Juegos Serios,\u00a0IN\u00c9DITA -EPN 2018\/2019:\u00a0 M\u00e9tricas y heur\u00edsticas de accesibilidad web: caso de estudio universidades de Latinoam\u00e9rica,\u00a0\u00a0Universidad de Las Am\u00e9ricas. (Directora del proyecto) 2018\/2019:\u00a0 Estimaci\u00f3n Robusta de Contaminaci\u00f3n Urbana,\u00a0REDCEDIA, CEPRA XII-2018-\u00a0(Colaboradora en Evaluaciones de accesibilidad web con las WCAG 2.0)&#8230; <a href=\"http:\/\/saccec.com\/PatriciaAcosta\/profesional\/\">Leer m\u00e1s &raquo;<\/a><\/p>\n","protected":false},"author":1,"featured_media":0,"parent":0,"menu_order":0,"comment_status":"closed","ping_status":"closed","template":"","meta":{"footnotes":""},"class_list":["post-40","page","type-page","status-publish","hentry"],"_links":{"self":[{"href":"http:\/\/saccec.com\/PatriciaAcosta\/wp-json\/wp\/v2\/pages\/40","targetHints":{"allow":["GET"]}}],"collection":[{"href":"http:\/\/saccec.com\/PatriciaAcosta\/wp-json\/wp\/v2\/pages"}],"about":[{"href":"http:\/\/saccec.com\/PatriciaAcosta\/wp-json\/wp\/v2\/types\/page"}],"author":[{"embeddable":true,"href":"http:\/\/saccec.com\/PatriciaAcosta\/wp-json\/wp\/v2\/users\/1"}],"replies":[{"embeddable":true,"href":"http:\/\/saccec.com\/PatriciaAcosta\/wp-json\/wp\/v2\/comments?post=40"}],"version-history":[{"count":21,"href":"http:\/\/saccec.com\/PatriciaAcosta\/wp-json\/wp\/v2\/pages\/40\/revisions"}],"predecessor-version":[{"id":432,"href":"http:\/\/saccec.com\/PatriciaAcosta\/wp-json\/wp\/v2\/pages\/40\/revisions\/432"}],"wp:attachment":[{"href":"http:\/\/saccec.com\/PatriciaAcosta\/wp-json\/wp\/v2\/media?parent=40"}],"curies":[{"name":"wp","href":"https:\/\/api.w.org\/{rel}","templated":true}]}}