{"id":414,"date":"2019-04-03T02:41:17","date_gmt":"2019-04-03T02:41:17","guid":{"rendered":"http:\/\/saccec.com\/PatriciaAcosta\/?page_id=414"},"modified":"2020-11-18T19:09:04","modified_gmt":"2020-11-18T19:09:04","slug":"proyectos","status":"publish","type":"page","link":"http:\/\/saccec.com\/PatriciaAcosta\/proyectos\/","title":{"rendered":"Proyectos"},"content":{"rendered":"<div>\n<p><strong><u>PROYECTOS DE INVESTIGACI\u00d3N<\/u><\/strong><\/p>\n<ul>\n<li>2021-2023: Method to evaluate accessibility in native mobile applications for users with low vision <a href=\"https:\/\/drive.google.com\/open?id=1crJONPw-IVlqI9Tt0nESm_eO0IBewj0b\" target=\"_blank\" rel=\"noopener noreferrer\"><strong>Universidad de Las Am\u00e9ricas. (Project Manager)<\/strong><\/a><\/li>\n<li><a href=\"https:\/\/drive.google.com\/open?id=1crJONPw-IVlqI9Tt0nESm_eO0IBewj0b\" target=\"_blank\" rel=\"noopener noreferrer\">2019-2020: Estrategias para el dise\u00f1o y desarrollo de juegos serios accesibles,\u00a0 <strong>Universidad de Las Am\u00e9ricas. (Directora del proyecto)<\/strong><\/a><\/li>\n<li><a href=\"https:\/\/drive.google.com\/open?id=1NnnvAk24_X1F90rEkEc_RKK8alcMKHzA\" target=\"_blank\" rel=\"noopener noreferrer\">2018\/2019: Plataforma de Telerehabilitaci\u00f3n,\u00a0<strong>IN\u00c9DITA -UDLA<\/strong><\/a><\/li>\n<li><a href=\"https:\/\/drive.google.com\/open?id=1vZLY9AtkAhWqhioq48ykCVZv9x7NiCSw\" target=\"_blank\" rel=\"noopener noreferrer\">2018\/2019: Plataforma de Juegos Serios,\u00a0<strong>IN\u00c9DITA -EPN<\/strong><\/a><\/li>\n<li><a href=\"https:\/\/drive.google.com\/open?id=1IUpxoOCuUnulcos6C-k2TnaHTrafqhKk\" target=\"_blank\" rel=\"noopener noreferrer\">2018\/2019:\u00a0 M\u00e9tricas y heur\u00edsticas de accesibilidad web: caso de estudio universidades de Latinoam\u00e9rica,\u00a0\u00a0<strong>Universidad de Las Am\u00e9ricas<\/strong>. (<strong>Directora del proyecto<\/strong>)<\/a><\/li>\n<li><a href=\"https:\/\/drive.google.com\/open?id=1BLjetfghJ8DY7_gZ4brbYU_fQ6mD4jhH\" target=\"_blank\" rel=\"noopener noreferrer\">2018\/2019:\u00a0 Estimaci\u00f3n Robusta de Contaminaci\u00f3n Urbana,\u00a0<strong>REDCEDIA, CEPRA XII-2018-<\/strong>\u00a0(<strong>Colaboradora en Evaluaciones de accesibilidad web con las WCAG 2.0<\/strong>)<\/a><\/li>\n<li><a href=\"https:\/\/drive.google.com\/open?id=13suvXCEbaI_YBZLYYwMGWsYKKnMKRQbZ\" target=\"_blank\" rel=\"noopener noreferrer\">2017\/2018: Evaluaci\u00f3n de la calidad de los sitios web de las universidades de Latinoam\u00e9rica,\u00a0<strong>Universidad de Las Am\u00e9ricas.<\/strong>\u00a0(<strong>Directora del proyecto<\/strong>)<\/a><\/li>\n<li><a href=\"https:\/\/drive.google.com\/open?id=15O7JtnhGxdhkuQrGJbERnX5Hq40Kyhh4\" target=\"_blank\" rel=\"noopener noreferrer\">2017\/2018: Sistema de tele-rehabilitaci\u00f3n para la auto-reeducaci\u00f3n de los pacientes despu\u00e9s de una cirug\u00eda de substituci\u00f3n de cadera,\u00a0<strong>REDCEDIA, CEPRA XI-2017-15<\/strong>-Telerehabilitaci\u00f3n. (<strong>Colaboradora en Evaluaciones de accesibilidad web con las WCAG 2.0<\/strong>)<\/a><\/li>\n<li><a href=\"https:\/\/drive.google.com\/file\/d\/1GVxGUhcBt5ny27xH3l0TlgSoTFJYA06L\/view\" target=\"_blank\" rel=\"noopener noreferrer\">Certificado de Investigadora acreditada\u00a0<\/a><\/li>\n<li><a href=\"https:\/\/drive.google.com\/open?id=1layqO_TkurCnxZVQxtsKJ7wHVVzlRijE\" target=\"_blank\" rel=\"noopener noreferrer\">Certificado de Investigadora categorizada<\/a><\/li>\n<li><a href=\"http:\/\/saccec.com\/PatriciaAcosta\/wp-content\/uploads\/2019\/02\/formato-CV-ingl\u00e9s-Patricia_Acosta_25032009.pdf\" target=\"_blank\" rel=\"noopener noreferrer\">CV Ingl\u00e9s .pdf<\/a>\u00a0 \u00a0 \u00a0 \u00a0 \u00a0 \u00a0 \u00a0 \u00a0 \u00a0 \u00a0 \u00a0<a href=\"http:\/\/saccec.com\/PatriciaAcosta\/wp-content\/uploads\/2019\/02\/formato-CV-ingl\u00e9s-Patricia_Acosta_25032009.docx\" target=\"_blank\" rel=\"noopener noreferrer\">CV Ingl\u00e9s.docx<\/a><\/li>\n<\/ul>\n<p><strong>REVISORA DE ART\u00cdCULOS Y PROYECTOS<\/strong><\/p>\n<ul>\n<li><a href=\"https:\/\/drive.google.com\/file\/d\/1ZilQ0MuP8fvT2amMHbcT1GJc13inxHRf\/view?usp=sharing\" target=\"_blank\" rel=\"noopener noreferrer\">ICEDEG 2019. Chair of \u00abSession 14A: Cybercrime, Internet of Things and Decision Support\u00bb<\/a><\/li>\n<li><a href=\"http:\/\/www.iiis2019.org\/wmsci\/reviewers\/select_download_2.asp?vc=1\" target=\"_blank\" rel=\"noopener noreferrer\">Reviewer of articles for the\u00a023<sup>rd<\/sup> World Multi-Conference onSystemics, Cybernetics and Informatics: <strong>WMSCI 2019<\/strong><\/a><\/li>\n<li><a href=\"https:\/\/drive.google.com\/open?id=1xwwAP56CoO8-5yePR1XB_vomnNMxrcfW\" target=\"_blank\" rel=\"noopener noreferrer\">2019, Evaluadora de Proyectos de Investigaci\u00f3n, Universidad Pedag\u00f3gica y Tecnol\u00f3gica de Colombia.<\/a><\/li>\n<li><a href=\"https:\/\/drive.google.com\/open?id=1JElJizU_8UsmGG8SZX0UG1w2yKi4zp0j\" target=\"_blank\" rel=\"noopener noreferrer\">2018\/Actual:<strong>\u00a0IEEE Access<\/strong>, The Multidisciplinary Open Access Journal,\u00a0\u00a0<strong>Q1<\/strong>,\u00a0 received an impact factor of 3.557 in the 2017 JCR release, revisora de art\u00edculos.<\/a><\/li>\n<li><a href=\"https:\/\/drive.google.com\/open?id=1XdcU3c2DXKGbKwav82NJPPq1exv5efNT\" target=\"_blank\" rel=\"noopener noreferrer\">Revisora de art\u00edculos para el congreso\u00a0<b>ICITS 2019.<\/b><\/a><\/li>\n<li><a href=\"https:\/\/drive.google.com\/file\/d\/1RBD4eRzjg5ykpb-oeZDtw9WSdBNOdPKs\/view?usp=sharing\" target=\"_blank\" rel=\"noopener noreferrer\">Revisora de art\u00edculos cient\u00edficos par a la revista de\u00a0<strong>Publicaciones en Ciencias y Tecnolog\u00eda<\/strong>\u00a0con ISSN:1856-8890<\/a>.<\/li>\n<li><a href=\"https:\/\/drive.google.com\/open?id=1lj4CcyAQzakkMWaokr284qdJiDITNodZ\" target=\"_blank\" rel=\"noopener noreferrer\">Revisora de art\u00edculos cient\u00edficos para First International Conference in Human Computer Interaction Theory and Applications\u00a0<strong>HUCAPP 2017<\/strong><\/a>.<\/li>\n<li><a href=\"https:\/\/drive.google.com\/open?id=1CCsqvv-bMixyG0p08lnZyiHYXBFAa5v2\" target=\"_blank\" rel=\"noopener noreferrer\">Revisora de art\u00edculos cient\u00edficos para en<strong>\u00a0INCISCOS 2017<\/strong>\u00a0\u2013 International Conference on Information Systems and Computer Science.<\/a><\/li>\n<li><a href=\"https:\/\/drive.google.com\/open?id=1VnS3AhiJuEKbzcPJcCcddG5oJBE71n1s\" target=\"_blank\" rel=\"noopener noreferrer\">Participaci\u00f3n en\u00a0<strong>ICEDEG 2018<\/strong>, como Chair Session 1: Business Process Reengineering.<\/a><\/li>\n<li>Revisora de art\u00edculos para el congreso\u00a0<strong>WMSCI 2018<\/strong> Organizing Committee<\/li>\n<li>Revisora de art\u00edculos para la revista (<strong>UCLA<\/strong>) Publicaciones en Ciencias y Tecnolog\u00eda.<\/li>\n<li>Participaci\u00f3n como ponente en los congresos I<strong>CETC 2017, ICITS 2018, ITHET 2017, ATICA 2017, ICEDEG 2018<\/strong>.<\/li>\n<li>2008: Dise\u00f1o de un Modelo de Aprendizaje Activo a trav\u00e9s de la Implantaci\u00f3n del Aula virtual en la Universidad de las Am\u00e9ricas.<\/li>\n<li>1997: Dise\u00f1o e Implementaci\u00f3n de un Sistema Experto para Diagn\u00f3stico de Patolog\u00edas Estomatol\u00f3gicas, basado en L\u00f3gica Difusa<\/li>\n<\/ul>\n<\/div>\n<div>\n<ul>\n<li><strong style=\"color: #0000ff;\">DOCENTE Y FACILITADORA<\/strong><\/li>\n<\/ul>\n<\/div>\n<div>\n<ul>\n<li>Docente Investigador &#8211; <strong>Universidad de Las Am\u00e9ricas<\/strong>, 2017- Actual.<\/li>\n<li>Facilitadora de cursos de actualizaci\u00f3n continua en\u00a0<strong>RED CEDIA<\/strong>.<\/li>\n<li>Colaboradora en el proyecto de Telerehabilitaci\u00f3n en <strong>RED CEDIA<\/strong>.<\/li>\n<li>Docente Universitaria:\u00a0<strong>Universidad de Las Am\u00e9ricas<\/strong>.<\/li>\n<li>Facilitadora de cursos de actualizaci\u00f3n continua en Ms Excel Avanzado y Tablas Din\u00e1micas, <strong>CEC-Escuela Polit\u00e9cnica Nacional<\/strong>.<\/li>\n<li>Docente de Maestr\u00eda en <strong>Universidad Central del Ecuador<\/strong>.<\/li>\n<li>Docente de Maestr\u00eda en <strong>Universidad T\u00e9cnica de Ambato<\/strong>.<\/li>\n<li>Facilitadora en cursos de actualizaci\u00f3n continua, <strong>Grupo Empresarial Polit\u00e9cnico<\/strong>.<\/li>\n<li>Consultora en: \u00a0Accesibilidad Web, Escritura Cient\u00edfica, E-learning, Educaci\u00f3n Virtual, TIC, Negocios Electr\u00f3nicos, Telemedicina<\/li>\n<\/ul>\n<p><span style=\"color: #0000ff;\"><strong>CARGOS Y REPRESENTACIONES<\/strong><\/span><\/p>\n<ul>\n<li>Vicepresidenta <strong>ACM-Chapter Ecuador<\/strong> 2018<\/li>\n<li>Coordinadora de Lenguaje Digital &#8211; Universidad de Las Am\u00e9ricas, 2014-2017<\/li>\n<li><strong>Plan Internacional<\/strong>(2012- 2013) Facilitadora virtual en proyectos internacionales y TIC\u2019s<\/li>\n<li>Directora de Comunicaci\u00f3n de <strong>FATLA, 2012<\/strong><\/li>\n<li>Coordinadora de Convenios Internacionales de FATLA, 2010<\/li>\n<li>Coordinadora Institucional a nivel de Latinoam\u00e9rica, FATLA, 2009.<\/li>\n<li><strong>Banco del Pichincha<\/strong>, Jefe de Comercio Electr\u00f3nico, TODO1- Ecuador, 2001-2002<\/li>\n<li><strong>Fundaci\u00f3n Esquel<\/strong>, Jefe de sistemas, 1999-2001<\/li>\n<li><strong>Consejo Nacional de Cultura<\/strong>, Directora de Sistemas, 1997-1999<\/li>\n<li>Experiencia en consultor\u00edas en educaci\u00f3n en l\u00ednea y administraci\u00f3n educativa en instituciones nacionales e internacionales<\/li>\n<li>Cuenta con m\u00e1s de 20 art\u00edculos indexados en <strong>WOS y Scopus<\/strong>, para<strong> IEEE, ACM y Springer.<\/strong><\/li>\n<\/ul>\n<\/div>\n","protected":false},"excerpt":{"rendered":"<p>PROYECTOS DE INVESTIGACI\u00d3N 2021-2023: Method to evaluate accessibility in native mobile applications for users with low vision Universidad de Las Am\u00e9ricas. (Project Manager) 2019-2020: Estrategias para el dise\u00f1o y desarrollo de juegos serios accesibles,\u00a0 Universidad de Las Am\u00e9ricas. (Directora del proyecto) 2018\/2019: Plataforma de Telerehabilitaci\u00f3n,\u00a0IN\u00c9DITA -UDLA 2018\/2019: Plataforma de Juegos&#8230; <a href=\"http:\/\/saccec.com\/PatriciaAcosta\/proyectos\/\">Leer m\u00e1s &raquo;<\/a><\/p>\n","protected":false},"author":1,"featured_media":0,"parent":0,"menu_order":0,"comment_status":"closed","ping_status":"closed","template":"","meta":{"footnotes":""},"class_list":["post-414","page","type-page","status-publish","hentry"],"_links":{"self":[{"href":"http:\/\/saccec.com\/PatriciaAcosta\/wp-json\/wp\/v2\/pages\/414","targetHints":{"allow":["GET"]}}],"collection":[{"href":"http:\/\/saccec.com\/PatriciaAcosta\/wp-json\/wp\/v2\/pages"}],"about":[{"href":"http:\/\/saccec.com\/PatriciaAcosta\/wp-json\/wp\/v2\/types\/page"}],"author":[{"embeddable":true,"href":"http:\/\/saccec.com\/PatriciaAcosta\/wp-json\/wp\/v2\/users\/1"}],"replies":[{"embeddable":true,"href":"http:\/\/saccec.com\/PatriciaAcosta\/wp-json\/wp\/v2\/comments?post=414"}],"version-history":[{"count":18,"href":"http:\/\/saccec.com\/PatriciaAcosta\/wp-json\/wp\/v2\/pages\/414\/revisions"}],"predecessor-version":[{"id":576,"href":"http:\/\/saccec.com\/PatriciaAcosta\/wp-json\/wp\/v2\/pages\/414\/revisions\/576"}],"wp:attachment":[{"href":"http:\/\/saccec.com\/PatriciaAcosta\/wp-json\/wp\/v2\/media?parent=414"}],"curies":[{"name":"wp","href":"https:\/\/api.w.org\/{rel}","templated":true}]}}