{"id":44,"date":"2016-07-11T17:10:49","date_gmt":"2016-07-11T17:10:49","guid":{"rendered":"http:\/\/saccec.com\/PatriciaAcosta\/?page_id=44"},"modified":"2019-08-21T20:30:58","modified_gmt":"2019-08-21T20:30:58","slug":"investigacion","status":"publish","type":"page","link":"http:\/\/saccec.com\/PatriciaAcosta\/investigacion\/","title":{"rendered":"Investigaci\u00f3n"},"content":{"rendered":"<div>\n<p><strong><u>PROYECTOS DE INVESTIGACI\u00d3N<\/u><\/strong><\/p>\n<ul>\n<li><a href=\"https:\/\/drive.google.com\/open?id=1NnnvAk24_X1F90rEkEc_RKK8alcMKHzA\" target=\"_blank\" rel=\"noopener noreferrer\">2018\/2019: Plataforma de Telerehabilitaci\u00f3n,\u00a0<strong>IN\u00c9DITA -UDLA<\/strong><\/a><\/li>\n<li><a href=\"https:\/\/drive.google.com\/open?id=1vZLY9AtkAhWqhioq48ykCVZv9x7NiCSw\" target=\"_blank\" rel=\"noopener noreferrer\">2018\/2019: Plataforma de Juegos Serios,\u00a0<strong>IN\u00c9DITA -EPN<\/strong><\/a><\/li>\n<li><a href=\"https:\/\/drive.google.com\/open?id=1IUpxoOCuUnulcos6C-k2TnaHTrafqhKk\" target=\"_blank\" rel=\"noopener noreferrer\">2018\/2019:\u00a0 M\u00e9tricas y heur\u00edsticas de accesibilidad web: caso de estudio universidades de Latinoam\u00e9rica,\u00a0\u00a0<strong>Universidad de Las Am\u00e9ricas<\/strong>. (<strong>Directora del proyecto<\/strong>)<\/a><\/li>\n<li><a href=\"https:\/\/drive.google.com\/open?id=1BLjetfghJ8DY7_gZ4brbYU_fQ6mD4jhH\" target=\"_blank\" rel=\"noopener noreferrer\">2018\/2019:\u00a0 Estimaci\u00f3n Robusta de Contaminaci\u00f3n Urbana,\u00a0<strong>REDCEDIA, CEPRA XII-2018-<\/strong>\u00a0(<strong>Colaboradora en Evaluaciones de accesibilidad web con las WCAG 2.0<\/strong>)<\/a><\/li>\n<li><a href=\"https:\/\/drive.google.com\/open?id=13suvXCEbaI_YBZLYYwMGWsYKKnMKRQbZ\" target=\"_blank\" rel=\"noopener noreferrer\">2017\/2018: Evaluaci\u00f3n de la calidad de los sitios web de las universidades de Latinoam\u00e9rica,\u00a0<strong>Universidad de Las Am\u00e9ricas.<\/strong>\u00a0(<strong>Directora del proyecto<\/strong>)<\/a><\/li>\n<li><a href=\"https:\/\/drive.google.com\/open?id=15O7JtnhGxdhkuQrGJbERnX5Hq40Kyhh4\" target=\"_blank\" rel=\"noopener noreferrer\">2017\/2018: Sistema de tele-rehabilitaci\u00f3n para la auto-reeducaci\u00f3n de los pacientes despu\u00e9s de una cirug\u00eda de substituci\u00f3n de cadera,\u00a0<strong>REDCEDIA, CEPRA XI-2017-15<\/strong>-Telerehabilitaci\u00f3n. (<strong>Colaboradora en Evaluaciones de accesibilidad web con las WCAG 2.0<\/strong>)<\/a><\/li>\n<\/ul>\n<p><strong>REVISORA DE ART\u00cdCULOS Y PROYECTOS<\/strong><\/p>\n<ul>\n<li>2018\/Actual:<strong>\u00a0IEEE Access<\/strong>, The Multidisciplinary Open Access Journal,\u00a0\u00a0<strong>Q1<\/strong>,\u00a0 received an impact factor of 3.557 in the 2017 JCR release, revisora de art\u00edculos.<\/li>\n<li><a href=\"https:\/\/drive.google.com\/open?id=1XdcU3c2DXKGbKwav82NJPPq1exv5efNT\" target=\"_blank\" rel=\"noopener noreferrer\">Revisora de art\u00edculos para el congreso <b>ICITS 2019.<\/b><\/a><\/li>\n<li>Revisora de art\u00edculos cient\u00edficos par a la revista de\u00a0<strong>Publicaciones en Ciencias y Tecnolog\u00eda<\/strong>\u00a0con ISSN:1856-8890.<\/li>\n<li>Revisora de art\u00edculos cient\u00edficos para First International Conference in Human Computer Interaction Theory and Applications\u00a0<strong>HUCAPP 2017<\/strong>.<\/li>\n<li>Revisora de art\u00edculos cient\u00edficos para en<strong>\u00a0INCISCOS 2017<\/strong>\u00a0\u2013 International Conference on Information Systems and Computer Science.<\/li>\n<li><a href=\"https:\/\/drive.google.com\/open?id=1VnS3AhiJuEKbzcPJcCcddG5oJBE71n1s\" target=\"_blank\" rel=\"noopener noreferrer\">Participaci\u00f3n en\u00a0<strong>ICEDEG 2018<\/strong>, como Chair Session 1: Business Process Reengineering.<\/a><\/li>\n<li>Revisora de art\u00edculos para el congreso\u00a0<strong>WMSCI 2018<\/strong>\u00a0Organizing Committee<\/li>\n<li>Revisora de art\u00edculos para la revista (<strong>UCLA<\/strong>) Publicaciones en Ciencias y Tecnolog\u00eda.<\/li>\n<li>Participaci\u00f3n como ponente en los congresos I<strong>CETC 2017, ICITS 2018, ITHET 2017, ATICA 2017, ICEDEG 2018<\/strong>.<\/li>\n<li>2008: Dise\u00f1o de un Modelo de Aprendizaje Activo a trav\u00e9s de la Implantaci\u00f3n del Aula virtual en la Universidad de las Am\u00e9ricas.<\/li>\n<li>1997: Dise\u00f1o e Implementaci\u00f3n de un Sistema Experto para Diagn\u00f3stico de Patolog\u00edas Estomatol\u00f3gicas, basado en L\u00f3gica Difusa<\/li>\n<\/ul>\n<\/div>\n<div><span style=\"color: #0000ff;\"><b>L\u00cdNEAS DE INVESTIGACI\u00d3N:<\/b><\/span><\/div>\n<div>\n<ul>\n<li>Accesibilidad Web<\/li>\n<li>Desarrollo de m\u00e9tricas y heur\u00edsticas de accesibilidad<\/li>\n<li>TIC\u2019s y educaci\u00f3n<\/li>\n<li>Sistemas expertos<\/li>\n<li>Lenguaje Natural<\/li>\n<li>Ingenier\u00eda de Software, Web e inteligencia de negocios<\/li>\n<\/ul>\n<\/div>\n","protected":false},"excerpt":{"rendered":"<p>PROYECTOS DE INVESTIGACI\u00d3N 2018\/2019: Plataforma de Telerehabilitaci\u00f3n,\u00a0IN\u00c9DITA -UDLA 2018\/2019: Plataforma de Juegos Serios,\u00a0IN\u00c9DITA -EPN 2018\/2019:\u00a0 M\u00e9tricas y heur\u00edsticas de accesibilidad web: caso de estudio universidades de Latinoam\u00e9rica,\u00a0\u00a0Universidad de Las Am\u00e9ricas. (Directora del proyecto) 2018\/2019:\u00a0 Estimaci\u00f3n Robusta de Contaminaci\u00f3n Urbana,\u00a0REDCEDIA, CEPRA XII-2018-\u00a0(Colaboradora en Evaluaciones de accesibilidad web con las WCAG 2.0)&#8230; <a href=\"http:\/\/saccec.com\/PatriciaAcosta\/investigacion\/\">Leer m\u00e1s &raquo;<\/a><\/p>\n","protected":false},"author":1,"featured_media":0,"parent":0,"menu_order":0,"comment_status":"closed","ping_status":"closed","template":"","meta":{"footnotes":""},"class_list":["post-44","page","type-page","status-publish","hentry"],"_links":{"self":[{"href":"http:\/\/saccec.com\/PatriciaAcosta\/wp-json\/wp\/v2\/pages\/44","targetHints":{"allow":["GET"]}}],"collection":[{"href":"http:\/\/saccec.com\/PatriciaAcosta\/wp-json\/wp\/v2\/pages"}],"about":[{"href":"http:\/\/saccec.com\/PatriciaAcosta\/wp-json\/wp\/v2\/types\/page"}],"author":[{"embeddable":true,"href":"http:\/\/saccec.com\/PatriciaAcosta\/wp-json\/wp\/v2\/users\/1"}],"replies":[{"embeddable":true,"href":"http:\/\/saccec.com\/PatriciaAcosta\/wp-json\/wp\/v2\/comments?post=44"}],"version-history":[{"count":13,"href":"http:\/\/saccec.com\/PatriciaAcosta\/wp-json\/wp\/v2\/pages\/44\/revisions"}],"predecessor-version":[{"id":507,"href":"http:\/\/saccec.com\/PatriciaAcosta\/wp-json\/wp\/v2\/pages\/44\/revisions\/507"}],"wp:attachment":[{"href":"http:\/\/saccec.com\/PatriciaAcosta\/wp-json\/wp\/v2\/media?parent=44"}],"curies":[{"name":"wp","href":"https:\/\/api.w.org\/{rel}","templated":true}]}}