{"id":50,"date":"2016-07-11T17:17:19","date_gmt":"2016-07-11T17:17:19","guid":{"rendered":"http:\/\/saccec.com\/PatriciaAcosta\/?page_id=50"},"modified":"2016-07-12T11:08:10","modified_gmt":"2016-07-12T11:08:10","slug":"libros","status":"publish","type":"page","link":"http:\/\/saccec.com\/PatriciaAcosta\/libros\/","title":{"rendered":"Libros"},"content":{"rendered":"<div><span style=\"color: #0000ff;\"><b>LIBROS:<\/b><\/span><\/div>\n<div>\n<ul>\n<li>ESCUELA POLIT\u00c9CNICA NACIONAL, Autora del libro <strong><span style=\"color: #0000ff;\">Excel Aplicado al manejo de datos<\/span><\/strong>, noviembre 2015, ISBN: 978-9942-21-781-3 \u00a0 \u00a0<a href=\"http:\/\/bibdigital.epn.edu.ec\/bitstream\/15000\/11933\/1\/Excel%20aplicado%20a%20datos.pdf\" target=\"_blank\">Descargar<\/a><\/li>\n<li>ESCUELA POLIT\u00c9CNICA NACIONAL, Autora del libro<strong><span style=\"color: #0000ff;\"> Introducci\u00f3n a la programaci\u00f3n de Excel con Visual Basic Application<\/span><\/strong>, noviembre 2015, ISBN: 978-9942-21-779-0 \u00a0<a href=\"http:\/\/bibdigital.epn.edu.ec\/bitstream\/15000\/11934\/1\/Introducci%C3%B3n%20en%20Excel%20con%20VBA.pdf\" target=\"_blank\">Descargar<\/a><\/li>\n<li>ESCUELA POLIT\u00c9CNICA NACIONAL, Autora del libro<strong> <span style=\"color: #0000ff;\">Funciones Reales y Aplicaciones<\/span><\/strong>, agosto 2015, ISBN: 978-9942-21-780-6 \u00a0 <a href=\"http:\/\/bibdigital.epn.edu.ec\/bitstream\/15000\/11935\/3\/FUNCIONES%20REALES%20Y%20%20APLICACIONES.pdf\" target=\"_blank\">Descargar<\/a><\/li>\n<li>SANTILLANA S.A., Autora del libro \u00a0de inform\u00e1tica XPLORA 9, septiembre 2015, \u00a0ISBN 978-9942-19-267-7<\/li>\n<li>SANTILLANA S.A., Autora del libro \u00a0de inform\u00e1tica XPLORA 10, septiembre 2015, \u00a0ISBN 978-9942-19-268-4<\/li>\n<li>SANTILLANA S.A., Autora del libro \u00a0de inform\u00e1tica XPLORA 4, septiembre 2015, \u00a0ISBN 978-9942-19-262-2<\/li>\n<li>LIBRESOFT \u00a0S.A., Linux y Ofim\u00e1tica octubre \u00a02012<\/li>\n<li>SANTILLANA S.A., Autora del libro \u00a0de inform\u00e1tica PIXEL 4, marzo \u00a02010, \u00a0ISBN 978-9978-29-711-7<\/li>\n<li>SANTILLANA S.A.,Autora del libro \u00a0de inform\u00e1tica PIXEL 5, marzo \u00a02010, ISBN 978-9978-29-712-4<\/li>\n<li>SANTILLANA S.A., Autora del libro \u00a0de inform\u00e1tica \u00a0MICROCHIP 2, diciembre \u00a02010, ISBN 978-9978-29-983-8<\/li>\n<\/ul>\n<\/div>\n","protected":false},"excerpt":{"rendered":"<p>LIBROS: ESCUELA POLIT\u00c9CNICA NACIONAL, Autora del libro Excel Aplicado al manejo de datos, noviembre 2015, ISBN: 978-9942-21-781-3 \u00a0 \u00a0Descargar ESCUELA POLIT\u00c9CNICA NACIONAL, Autora del libro Introducci\u00f3n a la programaci\u00f3n de Excel con Visual Basic Application, noviembre 2015, ISBN: 978-9942-21-779-0 \u00a0Descargar ESCUELA POLIT\u00c9CNICA NACIONAL, Autora del libro Funciones Reales y Aplicaciones,&#8230; <a href=\"http:\/\/saccec.com\/PatriciaAcosta\/libros\/\">Leer m\u00e1s &raquo;<\/a><\/p>\n","protected":false},"author":1,"featured_media":0,"parent":0,"menu_order":0,"comment_status":"closed","ping_status":"closed","template":"","meta":{"footnotes":""},"class_list":["post-50","page","type-page","status-publish","hentry"],"_links":{"self":[{"href":"http:\/\/saccec.com\/PatriciaAcosta\/wp-json\/wp\/v2\/pages\/50","targetHints":{"allow":["GET"]}}],"collection":[{"href":"http:\/\/saccec.com\/PatriciaAcosta\/wp-json\/wp\/v2\/pages"}],"about":[{"href":"http:\/\/saccec.com\/PatriciaAcosta\/wp-json\/wp\/v2\/types\/page"}],"author":[{"embeddable":true,"href":"http:\/\/saccec.com\/PatriciaAcosta\/wp-json\/wp\/v2\/users\/1"}],"replies":[{"embeddable":true,"href":"http:\/\/saccec.com\/PatriciaAcosta\/wp-json\/wp\/v2\/comments?post=50"}],"version-history":[{"count":8,"href":"http:\/\/saccec.com\/PatriciaAcosta\/wp-json\/wp\/v2\/pages\/50\/revisions"}],"predecessor-version":[{"id":93,"href":"http:\/\/saccec.com\/PatriciaAcosta\/wp-json\/wp\/v2\/pages\/50\/revisions\/93"}],"wp:attachment":[{"href":"http:\/\/saccec.com\/PatriciaAcosta\/wp-json\/wp\/v2\/media?parent=50"}],"curies":[{"name":"wp","href":"https:\/\/api.w.org\/{rel}","templated":true}]}}