{"id":56,"date":"2016-07-11T17:21:45","date_gmt":"2016-07-11T17:21:45","guid":{"rendered":"http:\/\/saccec.com\/PatriciaAcosta\/?page_id=56"},"modified":"2017-10-07T23:15:27","modified_gmt":"2017-10-07T23:15:27","slug":"premios","status":"publish","type":"page","link":"http:\/\/saccec.com\/PatriciaAcosta\/premios\/","title":{"rendered":"Premios"},"content":{"rendered":"<div><span style=\"color: #0000ff;\"><b>PREMIOS RECIBIDOS:<\/b><\/span><\/div>\n<ul>\n<li>Premio al mejor art\u00edculo cient\u00edfico en Ciencias de la Computaci\u00f3n del XI Congreso de Ciencia y Tecnolog\u00eda. En la Universidad de las Fuerzas Armadas, 24 de junio de 2016.<\/li>\n<\/ul>\n<div style=\"text-align: center;\"><a href=\"http:\/\/saccec.com\/PatriciaAcosta\/wp-content\/uploads\/2016\/07\/premio-paty.png\"><img loading=\"lazy\" decoding=\"async\" class=\"alignnone size-medium wp-image-96\" src=\"http:\/\/saccec.com\/PatriciaAcosta\/wp-content\/uploads\/2016\/07\/premio-paty-300x209.png\" alt=\"imagen del certificado del premio recibido\" width=\"300\" height=\"209\" srcset=\"http:\/\/saccec.com\/PatriciaAcosta\/wp-content\/uploads\/2016\/07\/premio-paty-300x209.png 300w, http:\/\/saccec.com\/PatriciaAcosta\/wp-content\/uploads\/2016\/07\/premio-paty-768x536.png 768w, http:\/\/saccec.com\/PatriciaAcosta\/wp-content\/uploads\/2016\/07\/premio-paty-1024x714.png 1024w, http:\/\/saccec.com\/PatriciaAcosta\/wp-content\/uploads\/2016\/07\/premio-paty.png 1200w\" sizes=\"auto, (max-width: 300px) 100vw, 300px\" \/><\/a><\/div>\n<ul>\n<li style=\"text-align: left;\">Mejor facilitadora de la Escuela Polit\u00e9cnica Nacional, CEC-EPN<\/li>\n<li style=\"text-align: left;\">Mejor tutora virtual FATLA<\/li>\n<li style=\"text-align: left;\">Graduaci\u00f3n con honores summa cum laude en Mag\u00edster en Docencia en Instituciones de Educaci\u00f3n Superior, Escuela Polit\u00e9cnica Nacional (2008)<\/li>\n<li style=\"text-align: left;\">Graduaci\u00f3n con honores \u00a0cum laude en Ingeniera en Sistemas de Computaci\u00f3n e Inform\u00e1tica, Escuela Polit\u00e9cnica Nacional (1997)<\/li>\n<\/ul>\n","protected":false},"excerpt":{"rendered":"<p>PREMIOS RECIBIDOS: Premio al mejor art\u00edculo cient\u00edfico en Ciencias de la Computaci\u00f3n del XI Congreso de Ciencia y Tecnolog\u00eda. En la Universidad de las Fuerzas Armadas, 24 de junio de 2016. Mejor facilitadora de la Escuela Polit\u00e9cnica Nacional, CEC-EPN Mejor tutora virtual FATLA Graduaci\u00f3n con honores summa cum laude en&#8230; <a href=\"http:\/\/saccec.com\/PatriciaAcosta\/premios\/\">Leer m\u00e1s &raquo;<\/a><\/p>\n","protected":false},"author":1,"featured_media":0,"parent":0,"menu_order":0,"comment_status":"closed","ping_status":"closed","template":"","meta":{"footnotes":""},"class_list":["post-56","page","type-page","status-publish","hentry"],"_links":{"self":[{"href":"http:\/\/saccec.com\/PatriciaAcosta\/wp-json\/wp\/v2\/pages\/56","targetHints":{"allow":["GET"]}}],"collection":[{"href":"http:\/\/saccec.com\/PatriciaAcosta\/wp-json\/wp\/v2\/pages"}],"about":[{"href":"http:\/\/saccec.com\/PatriciaAcosta\/wp-json\/wp\/v2\/types\/page"}],"author":[{"embeddable":true,"href":"http:\/\/saccec.com\/PatriciaAcosta\/wp-json\/wp\/v2\/users\/1"}],"replies":[{"embeddable":true,"href":"http:\/\/saccec.com\/PatriciaAcosta\/wp-json\/wp\/v2\/comments?post=56"}],"version-history":[{"count":6,"href":"http:\/\/saccec.com\/PatriciaAcosta\/wp-json\/wp\/v2\/pages\/56\/revisions"}],"predecessor-version":[{"id":227,"href":"http:\/\/saccec.com\/PatriciaAcosta\/wp-json\/wp\/v2\/pages\/56\/revisions\/227"}],"wp:attachment":[{"href":"http:\/\/saccec.com\/PatriciaAcosta\/wp-json\/wp\/v2\/media?parent=56"}],"curies":[{"name":"wp","href":"https:\/\/api.w.org\/{rel}","templated":true}]}}