{"id":66,"date":"2016-07-11T17:27:27","date_gmt":"2016-07-11T17:27:27","guid":{"rendered":"http:\/\/saccec.com\/PatriciaAcosta\/?page_id=66"},"modified":"2019-04-16T09:17:39","modified_gmt":"2019-04-16T09:17:39","slug":"reconocimientos","status":"publish","type":"page","link":"http:\/\/saccec.com\/PatriciaAcosta\/reconocimientos\/","title":{"rendered":"Reconocimientos"},"content":{"rendered":"<div><span style=\"font-family: arial, helvetica, sans-serif; font-size: medium;\"><span style=\"color: #0000ff;\"><b>RECONOCIMIENTOS RECIENTES: <\/b><\/span><br \/>\n<\/span><\/div>\n<ul>\n<li>Reconocimiento a la mejor facilitadora del Centro de Educaci\u00f3n Continua de la Escuela Polit\u00e9cnica Nacional 2018.<\/li>\n<li><span style=\"font-family: arial, helvetica, sans-serif; font-size: medium;\">Reconocimiento al M\u00e9rito Tecnoeducativo en Educaci\u00f3n Virtual Latinoam\u00e9rica \u00a02009 y 2011-FATLA.<br \/>\n<\/span><\/li>\n<li><span style=\"font-family: arial, helvetica, sans-serif; font-size: medium;\">Mag\u00edster En Docencia En Instituciones De Educaci\u00f3n Superior, Escuela Polit\u00e9cnica Nacional, <a title=\"Graduaci\u00f3n\" href=\"http:\/\/www.fatla.org\/esv\/mod\/forum\/view.php?id=35\" target=\"fatlamain\" rel=\"noopener noreferrer\">graduaci\u00f3n<\/a> con \u201cHonoris Suma Cum Laude\u201d. <\/span><\/li>\n<\/ul>\n<ul>\n<li><span style=\"font-family: arial, helvetica, sans-serif; font-size: medium;\">Mejor Egresada de la Maestr\u00eda en Instituciones De Educaci\u00f3n Superior-Escuela Polit\u00e9cnica Nacional. <\/span><\/li>\n<\/ul>\n<ul>\n<li><span style=\"font-family: arial, helvetica, sans-serif; font-size: medium;\">Mejor Egresada-Latinoam\u00e9rica del M\u00f3dulo PACIE-Capacitaci\u00f3n, FATLA. <\/span><\/li>\n<\/ul>\n<p><span style=\"font-family: arial, helvetica, sans-serif; font-size: medium;\">M\u00e1s informaci\u00f3n en mi site: <a href=\"https:\/\/sites.google.com\/a\/udlanet.ec\/patricia-acosta\/\" target=\"_blank\" rel=\"noopener noreferrer\">https:\/\/sites.google.com\/a\/udlanet.ec\/patricia-acosta\/<\/a><\/span><\/p>\n","protected":false},"excerpt":{"rendered":"<p>RECONOCIMIENTOS RECIENTES: Reconocimiento a la mejor facilitadora del Centro de Educaci\u00f3n Continua de la Escuela Polit\u00e9cnica Nacional 2018. Reconocimiento al M\u00e9rito Tecnoeducativo en Educaci\u00f3n Virtual Latinoam\u00e9rica \u00a02009 y 2011-FATLA. Mag\u00edster En Docencia En Instituciones De Educaci\u00f3n Superior, Escuela Polit\u00e9cnica Nacional, graduaci\u00f3n con \u201cHonoris Suma Cum Laude\u201d. Mejor Egresada de la&#8230; <a href=\"http:\/\/saccec.com\/PatriciaAcosta\/reconocimientos\/\">Leer m\u00e1s &raquo;<\/a><\/p>\n","protected":false},"author":1,"featured_media":0,"parent":0,"menu_order":0,"comment_status":"closed","ping_status":"closed","template":"","meta":{"footnotes":""},"class_list":["post-66","page","type-page","status-publish","hentry"],"_links":{"self":[{"href":"http:\/\/saccec.com\/PatriciaAcosta\/wp-json\/wp\/v2\/pages\/66","targetHints":{"allow":["GET"]}}],"collection":[{"href":"http:\/\/saccec.com\/PatriciaAcosta\/wp-json\/wp\/v2\/pages"}],"about":[{"href":"http:\/\/saccec.com\/PatriciaAcosta\/wp-json\/wp\/v2\/types\/page"}],"author":[{"embeddable":true,"href":"http:\/\/saccec.com\/PatriciaAcosta\/wp-json\/wp\/v2\/users\/1"}],"replies":[{"embeddable":true,"href":"http:\/\/saccec.com\/PatriciaAcosta\/wp-json\/wp\/v2\/comments?post=66"}],"version-history":[{"count":3,"href":"http:\/\/saccec.com\/PatriciaAcosta\/wp-json\/wp\/v2\/pages\/66\/revisions"}],"predecessor-version":[{"id":426,"href":"http:\/\/saccec.com\/PatriciaAcosta\/wp-json\/wp\/v2\/pages\/66\/revisions\/426"}],"wp:attachment":[{"href":"http:\/\/saccec.com\/PatriciaAcosta\/wp-json\/wp\/v2\/media?parent=66"}],"curies":[{"name":"wp","href":"https:\/\/api.w.org\/{rel}","templated":true}]}}